{"id":2,"date":"2016-05-10T03:48:21","date_gmt":"2016-05-10T03:48:21","guid":{"rendered":"http:\/\/adg.management\/?page_id=2"},"modified":"2026-04-16T20:51:37","modified_gmt":"2026-04-16T20:51:37","slug":"sample-page","status":"publish","type":"page","link":"https:\/\/adg.management\/?page_id=2","title":{"rendered":"Home"},"content":{"rendered":"\n<p class=\"has-ast-global-color-4-background-color has-background has-medium-font-size\" style=\"border-top-left-radius:61px;border-top-right-radius:61px;border-bottom-left-radius:61px;border-bottom-right-radius:61px\">CONSULENZA DI DIREZIONE PER UN MANAGEMENT RESPONSABILE<\/p>\n\n\n<ul class=\"wp-block-latest-posts__list wp-block-latest-posts\"><li><a class=\"wp-block-latest-posts__post-title\" href=\"https:\/\/adg.management\/?p=127\">Intelligenza Artificiale tra Opportunit\u00e0 e Rischi: Come Evitare il \u201cCollasso del Modello\u201d<\/a><div class=\"wp-block-latest-posts__post-excerpt\">L&#8217;Intelligenza Artificiale rappresenta una delle trasformazioni pi\u00f9 profonde del nostro tempo. Promette efficienza, automazione, scalabilit\u00e0 e nuove opportunit\u00e0 di business. Tuttavia, insieme all&#8217;entusiasmo, emergono timori concreti: uso eticamente scorretto, bolle speculative, appiattimento culturale, opacit\u00e0 dei sistemi e perdita di fiducia collettiva. Ignorare questi rischi sarebbe miope. Affrontarli con consapevolezza, invece, \u00e8 la chiave per costruire\u2026 <a class=\"wp-block-latest-posts__read-more\" href=\"https:\/\/adg.management\/?p=127\" rel=\"noopener noreferrer\">Leggi tutto<span class=\"screen-reader-text\">: Intelligenza Artificiale tra Opportunit\u00e0 e Rischi: Come Evitare il \u201cCollasso del Modello\u201d<\/span><\/a><\/div><\/li>\n<li><a class=\"wp-block-latest-posts__post-title\" href=\"https:\/\/adg.management\/?p=120\">Concretezza ed Esperienza: Il Nostro Track Record<\/a><div class=\"wp-block-latest-posts__post-excerpt\">La credibilit\u00e0 di ADG Management si fonda su oltre 30 anni di interventi operativi complessi , guidati direttamente dal nostro management. Non parliamo per teoria, ma per esperienza diretta maturata sul campo nei settori: Il nostro percorso \u00e8 un&#8217;evoluzione coerente e strutturata: siamo partiti dalla gestione dei processi fisici industriali , per arrivare oggi alla\u2026 <a class=\"wp-block-latest-posts__read-more\" href=\"https:\/\/adg.management\/?p=120\" rel=\"noopener noreferrer\">Leggi tutto<span class=\"screen-reader-text\">: Concretezza ed Esperienza: Il Nostro Track Record<\/span><\/a><\/div><\/li>\n<li><a class=\"wp-block-latest-posts__post-title\" href=\"https:\/\/adg.management\/?p=118\">La Nostra Mission: L&#8217;AI \u201cLocale\u201d Alimentata dalla Realt\u00e0<\/a><div class=\"wp-block-latest-posts__post-excerpt\">Il mercato \u00e8 oggi saturo di soluzioni di Intelligenza Artificiale generiche, standardizzate e spesso scollegate dalla realt\u00e0 operativa delle aziende. La proposta di ADG Management \u00e8 radicalmente diversa: non offriamo un&#8217;AI astratta, ma un&#8217; AI locale, concreta, costruita sui dati reali dell&#8217;impresa . La nostra mission si fonda su tre pilastri operativi che garantiscono valore,\u2026 <a class=\"wp-block-latest-posts__read-more\" href=\"https:\/\/adg.management\/?p=118\" rel=\"noopener noreferrer\">Leggi tutto<span class=\"screen-reader-text\">: La Nostra Mission: L&#8217;AI \u201cLocale\u201d Alimentata dalla Realt\u00e0<\/span><\/a><\/div><\/li>\n<li><a class=\"wp-block-latest-posts__post-title\" href=\"https:\/\/adg.management\/?p=39\">Lo sviluppo dell&#8217;economia passa dall&#8217;Intelligenza Artificiale<\/a><div class=\"wp-block-latest-posts__post-excerpt\">Lo sviluppo dell&#8217;economia nei prossimi anni sar\u00e0 sempre pi\u00f9 legato ai processi connessi all&#8217;Intelligenza Artificiale.Non si tratta di una tendenza tecnologicamente passeggera, ma di un cambiamento strutturale che ridefinisce modelli organizzativi, processi decisionali e vantaggi competitivi. In questo scenario, ADG Management interpreta l&#8217;AI non come semplice strumento digitale, ma come una leva strategica di trasformazione\u2026 <a class=\"wp-block-latest-posts__read-more\" href=\"https:\/\/adg.management\/?p=39\" rel=\"noopener noreferrer\">Leggi tutto<span class=\"screen-reader-text\">: Lo sviluppo dell&#8217;economia passa dall&#8217;Intelligenza Artificiale<\/span><\/a><\/div><\/li>\n<li><a class=\"wp-block-latest-posts__post-title\" href=\"https:\/\/adg.management\/?p=1\">I LIMITI DEL CLOUDE NELLA GESTIONE DELL&#8217;AI<\/a><div class=\"wp-block-latest-posts__post-excerpt\">Un  modo non convenzionale di utilizzare l&#8217;intelligenza artificaile nelle aziende<\/div><\/li>\n<\/ul>\n\n<div class=\"wp-block-post-time-to-read\">1\u20132 minuti<\/div>","protected":false},"excerpt":{"rendered":"<p>CONSULENZA DI DIREZIONE PER UN MANAGEMENT RESPONSABILE<\/p>\n","protected":false},"author":1,"featured_media":0,"parent":0,"menu_order":0,"comment_status":"closed","ping_status":"open","template":"","meta":{"site-sidebar-layout":"default","site-content-layout":"","ast-site-content-layout":"default","site-content-style":"default","site-sidebar-style":"default","ast-global-header-display":"","ast-banner-title-visibility":"","ast-main-header-display":"","ast-hfb-above-header-display":"","ast-hfb-below-header-display":"","ast-hfb-mobile-header-display":"","site-post-title":"","ast-breadcrumbs-content":"","ast-featured-img":"disabled","footer-sml-layout":"","ast-disable-related-posts":"","theme-transparent-header-meta":"","adv-header-id-meta":"","stick-header-meta":"","header-above-stick-meta":"","header-main-stick-meta":"","header-below-stick-meta":"","astra-migrate-meta-layouts":"default","ast-page-background-enabled":"default","ast-page-background-meta":{"desktop":{"background-color":"var(--ast-global-color-5)","background-image":"","background-repeat":"repeat","background-position":"center center","background-size":"auto","background-attachment":"scroll","background-type":"","background-media":"","overlay-type":"","overlay-color":"","overlay-opacity":"","overlay-gradient":""},"tablet":{"background-color":"","background-image":"","background-repeat":"repeat","background-position":"center center","background-size":"auto","background-attachment":"scroll","background-type":"","background-media":"","overlay-type":"","overlay-color":"","overlay-opacity":"","overlay-gradient":""},"mobile":{"background-color":"","background-image":"","background-repeat":"repeat","background-position":"center center","background-size":"auto","background-attachment":"scroll","background-type":"","background-media":"","overlay-type":"","overlay-color":"","overlay-opacity":"","overlay-gradient":""}},"ast-content-background-meta":{"desktop":{"background-color":"var(--ast-global-color-4)","background-image":"","background-repeat":"repeat","background-position":"center center","background-size":"auto","background-attachment":"scroll","background-type":"","background-media":"","overlay-type":"","overlay-color":"","overlay-opacity":"","overlay-gradient":""},"tablet":{"background-color":"var(--ast-global-color-4)","background-image":"","background-repeat":"repeat","background-position":"center center","background-size":"auto","background-attachment":"scroll","background-type":"","background-media":"","overlay-type":"","overlay-color":"","overlay-opacity":"","overlay-gradient":""},"mobile":{"background-color":"var(--ast-global-color-4)","background-image":"","background-repeat":"repeat","background-position":"center center","background-size":"auto","background-attachment":"scroll","background-type":"","background-media":"","overlay-type":"","overlay-color":"","overlay-opacity":"","overlay-gradient":""}},"footnotes":""},"class_list":["post-2","page","type-page","status-publish","hentry"],"_links":{"self":[{"href":"https:\/\/adg.management\/index.php?rest_route=\/wp\/v2\/pages\/2","targetHints":{"allow":["GET"]}}],"collection":[{"href":"https:\/\/adg.management\/index.php?rest_route=\/wp\/v2\/pages"}],"about":[{"href":"https:\/\/adg.management\/index.php?rest_route=\/wp\/v2\/types\/page"}],"author":[{"embeddable":true,"href":"https:\/\/adg.management\/index.php?rest_route=\/wp\/v2\/users\/1"}],"replies":[{"embeddable":true,"href":"https:\/\/adg.management\/index.php?rest_route=%2Fwp%2Fv2%2Fcomments&post=2"}],"version-history":[{"count":5,"href":"https:\/\/adg.management\/index.php?rest_route=\/wp\/v2\/pages\/2\/revisions"}],"predecessor-version":[{"id":113,"href":"https:\/\/adg.management\/index.php?rest_route=\/wp\/v2\/pages\/2\/revisions\/113"}],"wp:attachment":[{"href":"https:\/\/adg.management\/index.php?rest_route=%2Fwp%2Fv2%2Fmedia&parent=2"}],"curies":[{"name":"wp","href":"https:\/\/api.w.org\/{rel}","templated":true}]}}